{"id":6,"date":"2025-07-13T12:11:29","date_gmt":"2025-07-13T12:11:29","guid":{"rendered":"https:\/\/david-leverd.fr\/?page_id=6"},"modified":"2025-07-13T13:00:57","modified_gmt":"2025-07-13T13:00:57","slug":"accueil","status":"publish","type":"page","link":"https:\/\/david-leverd.fr\/","title":{"rendered":"Accueil"},"content":{"rendered":"\n<h1 class=\"wp-block-heading has-large-font-size\"><strong>Bienvenue chez Entreprise LE VERD<\/strong><\/h1>\n\n\n\n<h2 class=\"wp-block-heading has-medium-font-size\"><em>Votre expert local en travaux paysagers &amp; enl\u00e8vement de d\u00e9chets<\/em><\/h2>\n\n\n\n<p><\/p>\n\n\n\n<p>Bas\u00e9e \u00e0 <strong>Bruy\u00e8res-le-Ch\u00e2tel (91)<\/strong>, l\u2019Entreprise LE VERD met son savoir-faire au service des particuliers et des professionnels pour entretenir vos espaces ext\u00e9rieurs et \u00e9vacuer tous types de d\u00e9chets.<\/p>\n\n\n\n<p>\ud83d\udc49 <strong>\u00c9lagage &#8211; Entretien de jardin &#8211; D\u00e9barras &#8211; Nettoyage haute pression<\/strong><br>\ud83d\udccd Interventions dans l\u2019Essonne et alentours<br>\ud83d\udcde Devis et d\u00e9placement gratuits<\/p>\n\n\n\n<div class=\"wp-block-buttons has-custom-font-size has-medium-font-size is-content-justification-center is-layout-flex wp-container-core-buttons-is-layout-16018d1d wp-block-buttons-is-layout-flex\">\n<div class=\"wp-block-button\"><a class=\"wp-block-button__link wp-element-button\" href=\"tel:+33780285299\">T\u00e9l\u00e9phone :  07 80 28 52 99<\/a><\/div>\n<\/div>\n\n\n\n<figure class=\"wp-block-image size-large\"><img loading=\"lazy\" decoding=\"async\" width=\"1024\" height=\"731\" src=\"https:\/\/david-leverd.fr\/wp-content\/uploads\/2025\/07\/LE-VERD-Flyer-copie-1024x731.jpg\" alt=\"\" class=\"wp-image-18\" srcset=\"https:\/\/david-leverd.fr\/wp-content\/uploads\/2025\/07\/LE-VERD-Flyer-copie-1024x731.jpg 1024w, https:\/\/david-leverd.fr\/wp-content\/uploads\/2025\/07\/LE-VERD-Flyer-copie-300x214.jpg 300w, https:\/\/david-leverd.fr\/wp-content\/uploads\/2025\/07\/LE-VERD-Flyer-copie-768x548.jpg 768w, https:\/\/david-leverd.fr\/wp-content\/uploads\/2025\/07\/LE-VERD-Flyer-copie.jpg 1223w\" sizes=\"auto, (max-width: 767px) 89vw, (max-width: 1000px) 54vw, (max-width: 1071px) 543px, 580px\" \/><\/figure>\n\n\n\n<p><\/p>\n\n\n\n<h1 class=\"wp-block-heading\">\ud83c\udf33 <strong>Nos services<\/strong><\/h1>\n\n\n\n<h3 class=\"wp-block-heading\"><strong>Travaux paysagers<\/strong><\/h3>\n\n\n\n<ul class=\"wp-block-list\">\n<li>\u00c9lagage et abattage d\u2019arbres dangereux<\/li>\n\n\n\n<li>Taille de haies et d\u2019arbustes<\/li>\n\n\n\n<li>Tonte de pelouse &amp; d\u00e9broussaillage<\/li>\n\n\n\n<li>Entretien complet de jardins et terrains<\/li>\n\n\n\n<li>Nettoyage de toitures, terrasses et all\u00e9es au jet haute pression<\/li>\n<\/ul>\n\n\n\n<h3 class=\"wp-block-heading\"><strong>D\u00e9barras &amp; \u00e9vacuation<\/strong><\/h3>\n\n\n\n<ul class=\"wp-block-list\">\n<li>\u00c9vacuation de d\u00e9chets v\u00e9g\u00e9taux<\/li>\n\n\n\n<li>Enl\u00e8vement de gravats, encombrants et ferrailles<\/li>\n\n\n\n<li>D\u00e9barras de garages, caves ou terrains<\/li>\n\n\n\n<li>Camion \u00e0 benne pour \u00e9vacuation rapide et efficace<\/li>\n<\/ul>\n\n\n\n<p>\ud83d\udee0\ufe0f <strong>Intervention rapide, travail soign\u00e9, artisan de confiance<\/strong><\/p>\n\n\n\n<div class=\"wp-block-buttons has-custom-font-size has-medium-font-size is-content-justification-center is-layout-flex wp-container-core-buttons-is-layout-16018d1d wp-block-buttons-is-layout-flex\">\n<div class=\"wp-block-button\"><a class=\"wp-block-button__link wp-element-button\" href=\"tel:+33780285299\">T\u00e9l\u00e9phone :  07 80 28 52 99<\/a><\/div>\n<\/div>\n\n\n\n<p><\/p>\n\n\n\n<h1 class=\"wp-block-heading\">\ud83e\uddd1\u200d\ud83c\udf3e <strong>Qui sommes-nous ?<\/strong><\/h1>\n\n\n\n<p>L\u2019Entreprise LE VERD est dirig\u00e9e par <strong>David LE VERD<\/strong>, artisan ind\u00e9pendant, passionn\u00e9 par le travail en ext\u00e9rieur. Fort d\u2019une solide exp\u00e9rience, il propose un service <strong>sur-mesure, r\u00e9actif et honn\u00eate<\/strong>, avec une approche terrain et humaine.<\/p>\n\n\n\n<p>\ud83d\udcac <em>\u201cChez LE VERD, chaque chantier est pris en main comme si c\u2019\u00e9tait pour chez nous.\u201d<\/em><\/p>\n\n\n\n<p><\/p>\n\n\n\n<h1 class=\"wp-block-heading\">\ud83d\udccd <strong>Zone d\u2019intervention<\/strong><\/h1>\n\n\n\n<p><\/p>\n\n\n\n<p>Nous intervenons dans tout le d\u00e9partement de l\u2019Essonne (91) et alentours :<br>Bruy\u00e8res-le-Ch\u00e2tel, Arpajon, \u00c9gly, Saint-Ch\u00e9ron, Limours, Dourdan, Sinte Genevi\u00e8ve des Bois, Br\u00e9tigny, Saint Michel sur Orge, Villemoisson sur Orge, etc.<\/p>\n\n\n\n<p><br>\ud83d\udccd N&rsquo;h\u00e9sitez pas \u00e0 nous contacter pour v\u00e9rifier la faisabilit\u00e9 de l\u2019intervention dans votre secteur.<\/p>\n\n\n\n<div class=\"wp-block-buttons has-custom-font-size has-medium-font-size is-content-justification-center is-layout-flex wp-container-core-buttons-is-layout-16018d1d wp-block-buttons-is-layout-flex\">\n<div class=\"wp-block-button\"><a class=\"wp-block-button__link wp-element-button\" href=\"tel:+33780285299\">T\u00e9l\u00e9phone :  07 80 28 52 99<\/a><\/div>\n<\/div>\n\n\n\n<p><\/p>\n\n\n\n<h1 class=\"wp-block-heading\">\ud83d\udcde <strong>Contact<\/strong><\/h1>\n\n\n\n<p><strong>Entreprise LE VERD<\/strong><br>\ud83d\udccd Chemin de la Poussin\u00e9rie, 91680 Bruy\u00e8res-le-Ch\u00e2tel<br>\ud83d\udcf1 <a href=\"tel:+33780285299\">07 80 28 52 99<\/a><br>\ud83d\udce7 <a>leverdavid@icloud.com<\/a><\/p>\n\n\n\n<p><\/p>\n\n\n\n<div class=\"wp-block-buttons has-custom-font-size has-medium-font-size is-content-justification-center is-layout-flex wp-container-core-buttons-is-layout-16018d1d wp-block-buttons-is-layout-flex\">\n<div class=\"wp-block-button\"><a class=\"wp-block-button__link wp-element-button\" href=\"tel:+33780285299\">T\u00e9l\u00e9phone :  07 80 28 52 99<\/a><\/div>\n<\/div>\n","protected":false},"excerpt":{"rendered":"<p>Bienvenue chez Entreprise LE VERD Votre expert local en travaux paysagers &amp; enl\u00e8vement de d\u00e9chets Bas\u00e9e \u00e0 Bruy\u00e8res-le-Ch\u00e2tel (91), l\u2019Entreprise LE VERD met son savoir-faire au service des particuliers et des professionnels pour entretenir vos espaces ext\u00e9rieurs et \u00e9vacuer tous types de d\u00e9chets. \ud83d\udc49 \u00c9lagage &#8211; Entretien de jardin &#8211; D\u00e9barras &#8211; Nettoyage haute pression\ud83d\udccd &hellip; <\/p>\n<p class=\"link-more\"><a href=\"https:\/\/david-leverd.fr\/\" class=\"more-link\">Continuer la lecture<span class=\"screen-reader-text\"> de &laquo;&nbsp;Accueil&nbsp;&raquo;<\/span><\/a><\/p>\n","protected":false},"author":1,"featured_media":0,"parent":0,"menu_order":0,"comment_status":"closed","ping_status":"closed","template":"","meta":{"footnotes":""},"class_list":["post-6","page","type-page","status-publish","hentry"],"_links":{"self":[{"href":"https:\/\/david-leverd.fr\/index.php?rest_route=\/wp\/v2\/pages\/6","targetHints":{"allow":["GET"]}}],"collection":[{"href":"https:\/\/david-leverd.fr\/index.php?rest_route=\/wp\/v2\/pages"}],"about":[{"href":"https:\/\/david-leverd.fr\/index.php?rest_route=\/wp\/v2\/types\/page"}],"author":[{"embeddable":true,"href":"https:\/\/david-leverd.fr\/index.php?rest_route=\/wp\/v2\/users\/1"}],"replies":[{"embeddable":true,"href":"https:\/\/david-leverd.fr\/index.php?rest_route=%2Fwp%2Fv2%2Fcomments&post=6"}],"version-history":[{"count":4,"href":"https:\/\/david-leverd.fr\/index.php?rest_route=\/wp\/v2\/pages\/6\/revisions"}],"predecessor-version":[{"id":30,"href":"https:\/\/david-leverd.fr\/index.php?rest_route=\/wp\/v2\/pages\/6\/revisions\/30"}],"wp:attachment":[{"href":"https:\/\/david-leverd.fr\/index.php?rest_route=%2Fwp%2Fv2%2Fmedia&parent=6"}],"curies":[{"name":"wp","href":"https:\/\/api.w.org\/{rel}","templated":true}]}}